{"id":8,"date":"2020-12-12T00:55:24","date_gmt":"2020-12-12T00:55:24","guid":{"rendered":"https:\/\/acserveis.com\/blog\/?page_id=8"},"modified":"2020-12-12T00:56:09","modified_gmt":"2020-12-12T00:56:09","slug":"inicio","status":"publish","type":"page","link":"https:\/\/acserveis.com\/blog\/ca\/","title":{"rendered":"Inicio"},"content":{"rendered":"","protected":false},"excerpt":{"rendered":"","protected":false},"author":1,"featured_media":0,"parent":0,"menu_order":0,"comment_status":"closed","ping_status":"closed","template":"","meta":{"footnotes":""},"class_list":["post-8","page","type-page","status-publish","hentry"],"yoast_head":"<!-- This site is optimized with the Yoast SEO plugin v15.8 - https:\/\/yoast.com\/wordpress\/plugins\/seo\/ -->\n<meta name=\"description\" content=\"Blog de AC Serveis, asesor\u00eda laboral, contable, fiscal y legal en Barcelona. Toda la actualidad e informaci\u00f3n de inter\u00e9s para tu empresa\" \/>\n<meta name=\"robots\" content=\"index, follow, max-snippet:-1, max-image-preview:large, max-video-preview:-1\" \/>\n<link rel=\"canonical\" href=\"https:\/\/acserveis.com\/blog\/ca\/\" \/>\n<meta property=\"og:locale\" content=\"es_ES\" \/>\n<meta property=\"og:type\" content=\"article\" \/>\n<meta property=\"og:title\" content=\"Blog asesor\u00eda laboral, contable, fiscal y legal\" \/>\n<meta property=\"og:description\" content=\"Blog de AC Serveis, asesor\u00eda laboral, contable, fiscal y legal en Barcelona. Toda la actualidad e informaci\u00f3n de inter\u00e9s para tu empresa\" \/>\n<meta property=\"og:url\" content=\"https:\/\/acserveis.com\/blog\/ca\/\" \/>\n<meta property=\"og:site_name\" content=\"AC Serveis - Blog\" \/>\n<meta property=\"article:modified_time\" content=\"2020-12-12T00:56:09+00:00\" \/>\n<meta name=\"twitter:card\" content=\"summary_large_image\" \/>\n<script type=\"application\/ld+json\" class=\"yoast-schema-graph\">{\"@context\":\"https:\/\/schema.org\",\"@graph\":[{\"@type\":\"WebSite\",\"@id\":\"https:\/\/acserveis.com\/blog\/#website\",\"url\":\"https:\/\/acserveis.com\/blog\/\",\"name\":\"AC Serveis - Blog\",\"description\":\"Todas la actualidad laboral, contable, fiscal y legal para su negocio\",\"potentialAction\":[{\"@type\":\"SearchAction\",\"target\":\"https:\/\/acserveis.com\/blog\/?s={search_term_string}\",\"query-input\":\"required name=search_term_string\"}],\"inLanguage\":\"es\"},{\"@type\":\"WebPage\",\"@id\":\"https:\/\/acserveis.com\/blog\/ca\/#webpage\",\"url\":\"https:\/\/acserveis.com\/blog\/ca\/\",\"name\":\"Blog asesor\\u00eda laboral, contable, fiscal y legal\",\"isPartOf\":{\"@id\":\"https:\/\/acserveis.com\/blog\/#website\"},\"datePublished\":\"2020-12-12T00:55:24+00:00\",\"dateModified\":\"2020-12-12T00:56:09+00:00\",\"description\":\"Blog de AC Serveis, asesor\\u00eda laboral, contable, fiscal y legal en Barcelona. Toda la actualidad e informaci\\u00f3n de inter\\u00e9s para tu empresa\",\"breadcrumb\":{\"@id\":\"https:\/\/acserveis.com\/blog\/ca\/#breadcrumb\"},\"inLanguage\":\"es\",\"potentialAction\":[{\"@type\":\"ReadAction\",\"target\":[\"https:\/\/acserveis.com\/blog\/ca\/\"]}]},{\"@type\":\"BreadcrumbList\",\"@id\":\"https:\/\/acserveis.com\/blog\/ca\/#breadcrumb\",\"itemListElement\":[{\"@type\":\"ListItem\",\"position\":1,\"item\":{\"@type\":\"WebPage\",\"@id\":\"https:\/\/acserveis.com\/blog\/ca\/\",\"url\":\"https:\/\/acserveis.com\/blog\/ca\/\",\"name\":\"Portada\"}},{\"@type\":\"ListItem\",\"position\":2,\"item\":{\"@type\":\"WebPage\",\"@id\":\"https:\/\/acserveis.com\/blog\/ca\/\",\"url\":\"https:\/\/acserveis.com\/blog\/ca\/\",\"name\":\"Inicio\"}}]}]}<\/script>\n<!-- \/ Yoast SEO plugin. -->","_links":{"self":[{"href":"https:\/\/acserveis.com\/blog\/wp-json\/wp\/v2\/pages\/8","targetHints":{"allow":["GET"]}}],"collection":[{"href":"https:\/\/acserveis.com\/blog\/wp-json\/wp\/v2\/pages"}],"about":[{"href":"https:\/\/acserveis.com\/blog\/wp-json\/wp\/v2\/types\/page"}],"author":[{"embeddable":true,"href":"https:\/\/acserveis.com\/blog\/wp-json\/wp\/v2\/users\/1"}],"replies":[{"embeddable":true,"href":"https:\/\/acserveis.com\/blog\/wp-json\/wp\/v2\/comments?post=8"}],"version-history":[{"count":2,"href":"https:\/\/acserveis.com\/blog\/wp-json\/wp\/v2\/pages\/8\/revisions"}],"predecessor-version":[{"id":10,"href":"https:\/\/acserveis.com\/blog\/wp-json\/wp\/v2\/pages\/8\/revisions\/10"}],"wp:attachment":[{"href":"https:\/\/acserveis.com\/blog\/wp-json\/wp\/v2\/media?parent=8"}],"curies":[{"name":"wp","href":"https:\/\/api.w.org\/{rel}","templated":true}]}}